{"id":29,"date":"2022-03-07T15:59:59","date_gmt":"2022-03-07T15:59:59","guid":{"rendered":"https:\/\/domy-stad.pl\/?page_id=29"},"modified":"2022-05-19T10:24:35","modified_gmt":"2022-05-19T10:24:35","slug":"informacje","status":"publish","type":"page","link":"https:\/\/domy-stad.pl\/index.php\/informacje\/","title":{"rendered":"O mnie"},"content":{"rendered":"\n<div class=\"wp-block-columns are-vertically-aligned-center is-layout-flex wp-container-core-columns-is-layout-9d6595d7 wp-block-columns-is-layout-flex\">\n<div class=\"wp-block-column is-vertically-aligned-center is-layout-flow wp-block-column-is-layout-flow\" style=\"flex-basis:150%\">\n<div class=\"wp-block-columns is-layout-flex wp-container-core-columns-is-layout-9d6595d7 wp-block-columns-is-layout-flex\">\n<div class=\"wp-block-column is-vertically-aligned-top is-layout-flow wp-block-column-is-layout-flow\" style=\"flex-basis:750px\">\n<p class=\"has-text-align-right\">Nazywam si\u0119 Pawe\u0142 Szmuc, jestem architektem.<br>Na co dzie\u0144 pracuj\u0119 w krakowskim biurze jednej <br>z najwi\u0119kszych firm projektowych na \u015bwiecie, <br>tj. w Jacobs Engineering Group.<br>Skala i skomplikowanie obiekt\u00f3w, <br>kt\u00f3rymi zajmuj\u0119 si\u0119 na co dzie\u0144, <br>znacz\u0105co odbiegaj\u0105 od budynk\u00f3w jednorodzinnych, <br>jednak one te\u017c &#8211;<br>w ogromnym stopniu &#8211; s\u0105 moj\u0105 pasj\u0105.<br>Pewnie dlatego, to w\u0142a\u015bnie nimi zajmuj\u0119 si\u0119 w swojej pracy doktorskiej, <br>kt\u00f3r\u0105 tworz\u0119, b\u0119d\u0105c studentem Szko\u0142y Doktorskiej Politechniki Krakowskiej, <br>pod okiem <a rel=\"noreferrer noopener\" href=\"https:\/\/www.pk.edu.pl\/images\/szkola_doktorska\/promotorzy\/Krupa_Sylwetka_promotora_pol.pdf\" target=\"_blank\">profesora Micha\u0142a Krupy<\/a>.<br><br>Posiadam uprawnienia <br>do projektowania bez ogranicze\u0144.<br>Zapraszam do kontaktu.<\/p>\n<\/div>\n\n\n\n<div class=\"wp-block-column is-layout-flow wp-block-column-is-layout-flow\" style=\"flex-basis:33.33%\">\n<figure class=\"wp-block-image size-large is-resized is-style-rounded\"><img loading=\"lazy\" decoding=\"async\" src=\"https:\/\/domy-stad.pl\/wp-content\/uploads\/2022\/03\/IMG_20200727_153147_577-1-min-1024x1024.jpg\" alt=\"\" class=\"wp-image-63\" width=\"288\" height=\"288\" srcset=\"https:\/\/domy-stad.pl\/wp-content\/uploads\/2022\/03\/IMG_20200727_153147_577-1-min-1024x1024.jpg 1024w, https:\/\/domy-stad.pl\/wp-content\/uploads\/2022\/03\/IMG_20200727_153147_577-1-min-300x300.jpg 300w, https:\/\/domy-stad.pl\/wp-content\/uploads\/2022\/03\/IMG_20200727_153147_577-1-min-150x150.jpg 150w, https:\/\/domy-stad.pl\/wp-content\/uploads\/2022\/03\/IMG_20200727_153147_577-1-min-768x768.jpg 768w, https:\/\/domy-stad.pl\/wp-content\/uploads\/2022\/03\/IMG_20200727_153147_577-1-min-1536x1536.jpg 1536w, https:\/\/domy-stad.pl\/wp-content\/uploads\/2022\/03\/IMG_20200727_153147_577-1-min-2048x2048.jpg 2048w, https:\/\/domy-stad.pl\/wp-content\/uploads\/2022\/03\/IMG_20200727_153147_577-1-min-100x100.jpg 100w\" sizes=\"auto, (max-width: 288px) 100vw, 288px\" \/><\/figure>\n<\/div>\n<\/div>\n<\/div>\n<\/div>\n\n\n\n<p><\/p>\n","protected":false},"excerpt":{"rendered":"<p>Nazywam si\u0119 Pawe\u0142 Szmuc, jestem architektem.Na co dzie\u0144 pracuj\u0119 w krakowskim biurze jednej z najwi\u0119kszych firm projektowych na \u015bwiecie, tj. w Jacobs Engineering Group.Skala i skomplikowanie obiekt\u00f3w, kt\u00f3rymi zajmuj\u0119 si\u0119 na co dzie\u0144, znacz\u0105co odbiegaj\u0105 od budynk\u00f3w jednorodzinnych, jednak one te\u017c &#8211;w ogromnym stopniu &#8211; s\u0105 moj\u0105 pasj\u0105.Pewnie dlatego, to w\u0142a\u015bnie nimi zajmuj\u0119 si\u0119 w [&hellip;]<\/p>\n","protected":false},"author":1,"featured_media":0,"parent":0,"menu_order":0,"comment_status":"closed","ping_status":"closed","template":"templates\/template-full-width.php","meta":{"footnotes":""},"class_list":["post-29","page","type-page","status-publish","hentry"],"_links":{"self":[{"href":"https:\/\/domy-stad.pl\/index.php\/wp-json\/wp\/v2\/pages\/29","targetHints":{"allow":["GET"]}}],"collection":[{"href":"https:\/\/domy-stad.pl\/index.php\/wp-json\/wp\/v2\/pages"}],"about":[{"href":"https:\/\/domy-stad.pl\/index.php\/wp-json\/wp\/v2\/types\/page"}],"author":[{"embeddable":true,"href":"https:\/\/domy-stad.pl\/index.php\/wp-json\/wp\/v2\/users\/1"}],"replies":[{"embeddable":true,"href":"https:\/\/domy-stad.pl\/index.php\/wp-json\/wp\/v2\/comments?post=29"}],"version-history":[{"count":27,"href":"https:\/\/domy-stad.pl\/index.php\/wp-json\/wp\/v2\/pages\/29\/revisions"}],"predecessor-version":[{"id":116,"href":"https:\/\/domy-stad.pl\/index.php\/wp-json\/wp\/v2\/pages\/29\/revisions\/116"}],"wp:attachment":[{"href":"https:\/\/domy-stad.pl\/index.php\/wp-json\/wp\/v2\/media?parent=29"}],"curies":[{"name":"wp","href":"https:\/\/api.w.org\/{rel}","templated":true}]}}