{"id":28,"date":"2022-03-07T15:59:59","date_gmt":"2022-03-07T15:59:59","guid":{"rendered":"https:\/\/domy-stad.pl\/?page_id=28"},"modified":"2022-09-17T17:34:30","modified_gmt":"2022-09-17T17:34:30","slug":"strona-glowna","status":"publish","type":"page","link":"https:\/\/domy-stad.pl\/","title":{"rendered":"domy st\u0105d"},"content":{"rendered":"\n<blockquote class=\"wp-block-quote is-layout-flow wp-block-quote-is-layout-flow\"><p>Czasami udaje si\u0119 osi\u0105gn\u0105\u0107 syntez\u0119: budowla i pejza\u017c stapiaj\u0105 si\u0119 ze sob\u0105, zrastaj\u0105 i tworz\u0105 miejsce nie do pomylenia z \u017cadnym innym.<\/p><cite>Peter Zumthor<\/cite><\/blockquote>\n","protected":false},"excerpt":{"rendered":"<p>Czasami udaje si\u0119 osi\u0105gn\u0105\u0107 syntez\u0119: budowla i pejza\u017c stapiaj\u0105 si\u0119 ze sob\u0105, zrastaj\u0105 i tworz\u0105 miejsce nie do pomylenia z \u017cadnym innym. Peter Zumthor<\/p>\n","protected":false},"author":1,"featured_media":0,"parent":0,"menu_order":0,"comment_status":"closed","ping_status":"closed","template":"templates\/template-full-width.php","meta":{"footnotes":""},"class_list":["post-28","page","type-page","status-publish","hentry"],"_links":{"self":[{"href":"https:\/\/domy-stad.pl\/index.php\/wp-json\/wp\/v2\/pages\/28","targetHints":{"allow":["GET"]}}],"collection":[{"href":"https:\/\/domy-stad.pl\/index.php\/wp-json\/wp\/v2\/pages"}],"about":[{"href":"https:\/\/domy-stad.pl\/index.php\/wp-json\/wp\/v2\/types\/page"}],"author":[{"embeddable":true,"href":"https:\/\/domy-stad.pl\/index.php\/wp-json\/wp\/v2\/users\/1"}],"replies":[{"embeddable":true,"href":"https:\/\/domy-stad.pl\/index.php\/wp-json\/wp\/v2\/comments?post=28"}],"version-history":[{"count":3,"href":"https:\/\/domy-stad.pl\/index.php\/wp-json\/wp\/v2\/pages\/28\/revisions"}],"predecessor-version":[{"id":90,"href":"https:\/\/domy-stad.pl\/index.php\/wp-json\/wp\/v2\/pages\/28\/revisions\/90"}],"wp:attachment":[{"href":"https:\/\/domy-stad.pl\/index.php\/wp-json\/wp\/v2\/media?parent=28"}],"curies":[{"name":"wp","href":"https:\/\/api.w.org\/{rel}","templated":true}]}}